{"id":1595,"date":"2014-09-29T12:20:31","date_gmt":"2014-09-29T10:20:31","guid":{"rendered":"http:\/\/www.folklora.si\/fos-2014\/"},"modified":"2019-02-23T19:31:28","modified_gmt":"2019-02-23T18:31:28","slug":"fos-2014","status":"publish","type":"page","link":"https:\/\/folklora.si\/en\/fos-2014\/","title":{"rendered":"FOS 2014"},"content":{"rendered":"<!-- index.php -->\n<div\n\tclass=\"ngg-galleryoverview ngg-ajax-pagination-none\"\n\tid=\"ngg-gallery-1181b8d625f53541274a4a8975aab842-1\">\n\n    \t\t<!-- Thumbnails -->\n\t\t\t\t<div id=\"ngg-image-0\" class=\"ngg-gallery-thumbnail-box\" >\n\t\t\t\t        <div class=\"ngg-gallery-thumbnail\">\n            <a href=\"https:\/\/folklora.si\/wp-content\/gallery\/fos-2014\/Folklorna-skupina-FORRAS.JPG\"\n               title=\"\"\n               data-src=\"https:\/\/folklora.si\/wp-content\/gallery\/fos-2014\/Folklorna-skupina-FORRAS.JPG\"\n               data-thumbnail=\"https:\/\/folklora.si\/wp-content\/gallery\/fos-2014\/thumbs\/thumbs_Folklorna-skupina-FORRAS.JPG\"\n               data-image-id=\"549\"\n               data-title=\"Folklorna skupina FORRAS\"\n               data-description=\"\"\n               data-image-slug=\"folklorna-skupina-forras\"\n               class=\"shutterset_1181b8d625f53541274a4a8975aab842\">\n                <img\n                    title=\"Folklorna skupina FORRAS\"\n                    alt=\"Folklorna skupina FORRAS\"\n                    src=\"https:\/\/folklora.si\/wp-content\/gallery\/fos-2014\/thumbs\/thumbs_Folklorna-skupina-FORRAS.JPG\"\n                    width=\"100\"\n                    height=\"75\"\n                    style=\"max-width:100%;\"\n                \/>\n            <\/a>\n        <\/div>\n\t\t\t\t\t\t\t<\/div> \n\t\t\t\n        \n\t\t\t\t<div id=\"ngg-image-1\" class=\"ngg-gallery-thumbnail-box\" >\n\t\t\t\t        <div class=\"ngg-gallery-thumbnail\">\n            <a href=\"https:\/\/folklora.si\/wp-content\/gallery\/fos-2014\/Glasbena-in-vokalna-skupina-Iskraemeco.JPG\"\n               title=\"\"\n               data-src=\"https:\/\/folklora.si\/wp-content\/gallery\/fos-2014\/Glasbena-in-vokalna-skupina-Iskraemeco.JPG\"\n               data-thumbnail=\"https:\/\/folklora.si\/wp-content\/gallery\/fos-2014\/thumbs\/thumbs_Glasbena-in-vokalna-skupina-Iskraemeco.JPG\"\n               data-image-id=\"550\"\n               data-title=\"Glasbena in vokalna skupina Iskraemeco\"\n               data-description=\"\"\n               data-image-slug=\"glasbena-in-vokalna-skupina-iskraemeco\"\n               class=\"shutterset_1181b8d625f53541274a4a8975aab842\">\n                <img\n                    title=\"Glasbena in vokalna skupina Iskraemeco\"\n                    alt=\"Glasbena in vokalna skupina Iskraemeco\"\n                    src=\"https:\/\/folklora.si\/wp-content\/gallery\/fos-2014\/thumbs\/thumbs_Glasbena-in-vokalna-skupina-Iskraemeco.JPG\"\n                    width=\"100\"\n                    height=\"75\"\n                    style=\"max-width:100%;\"\n                \/>\n            <\/a>\n        <\/div>\n\t\t\t\t\t\t\t<\/div> \n\t\t\t\n        \n\t\t\t\t<div id=\"ngg-image-2\" class=\"ngg-gallery-thumbnail-box\" >\n\t\t\t\t        <div class=\"ngg-gallery-thumbnail\">\n            <a href=\"https:\/\/folklora.si\/wp-content\/gallery\/fos-2014\/Ljudski-ansambel-Krog-Maribor.JPG\"\n               title=\"\"\n               data-src=\"https:\/\/folklora.si\/wp-content\/gallery\/fos-2014\/Ljudski-ansambel-Krog-Maribor.JPG\"\n               data-thumbnail=\"https:\/\/folklora.si\/wp-content\/gallery\/fos-2014\/thumbs\/thumbs_Ljudski-ansambel-Krog-Maribor.JPG\"\n               data-image-id=\"551\"\n               data-title=\"Ljudski ansambel Krog Maribor\"\n               data-description=\"\"\n               data-image-slug=\"ljudski-ansambel-krog-maribor\"\n               class=\"shutterset_1181b8d625f53541274a4a8975aab842\">\n                <img\n                    title=\"Ljudski ansambel Krog Maribor\"\n                    alt=\"Ljudski ansambel Krog Maribor\"\n                    src=\"https:\/\/folklora.si\/wp-content\/gallery\/fos-2014\/thumbs\/thumbs_Ljudski-ansambel-Krog-Maribor.JPG\"\n                    width=\"100\"\n                    height=\"75\"\n                    style=\"max-width:100%;\"\n                \/>\n            <\/a>\n        <\/div>\n\t\t\t\t\t\t\t<\/div> \n\t\t\t\n        \n\t\t\t\t<div id=\"ngg-image-3\" class=\"ngg-gallery-thumbnail-box\" >\n\t\t\t\t        <div class=\"ngg-gallery-thumbnail\">\n            <a href=\"https:\/\/folklora.si\/wp-content\/gallery\/fos-2014\/Marija-Senk-in-Aldo-Komar.JPG\"\n               title=\"\"\n               data-src=\"https:\/\/folklora.si\/wp-content\/gallery\/fos-2014\/Marija-Senk-in-Aldo-Komar.JPG\"\n               data-thumbnail=\"https:\/\/folklora.si\/wp-content\/gallery\/fos-2014\/thumbs\/thumbs_Marija-Senk-in-Aldo-Komar.JPG\"\n               data-image-id=\"552\"\n               data-title=\"Marija Senk in Aldo Komar\"\n               data-description=\"\"\n               data-image-slug=\"marija-senk-in-aldo-komar\"\n               class=\"shutterset_1181b8d625f53541274a4a8975aab842\">\n                <img\n                    title=\"Marija Senk in Aldo Komar\"\n                    alt=\"Marija Senk in Aldo Komar\"\n                    src=\"https:\/\/folklora.si\/wp-content\/gallery\/fos-2014\/thumbs\/thumbs_Marija-Senk-in-Aldo-Komar.JPG\"\n                    width=\"100\"\n                    height=\"75\"\n                    style=\"max-width:100%;\"\n                \/>\n            <\/a>\n        <\/div>\n\t\t\t\t\t\t\t<\/div> \n\t\t\t\n        \n\t\t\t\t<div id=\"ngg-image-4\" class=\"ngg-gallery-thumbnail-box\" >\n\t\t\t\t        <div class=\"ngg-gallery-thumbnail\">\n            <a href=\"https:\/\/folklora.si\/wp-content\/gallery\/fos-2014\/Ma%C5%BEoretni-in-twirling-klub-Kranj.JPG\"\n               title=\"\"\n               data-src=\"https:\/\/folklora.si\/wp-content\/gallery\/fos-2014\/Ma%C5%BEoretni-in-twirling-klub-Kranj.JPG\"\n               data-thumbnail=\"https:\/\/folklora.si\/wp-content\/gallery\/fos-2014\/thumbs\/thumbs_Ma%C5%BEoretni-in-twirling-klub-Kranj.JPG\"\n               data-image-id=\"553\"\n               data-title=\"Ma\u017eoretni in twirling klub Kranj\"\n               data-description=\"\"\n               data-image-slug=\"ma%c5%beoretni-in-twirling-klub-kranj-1\"\n               class=\"shutterset_1181b8d625f53541274a4a8975aab842\">\n                <img\n                    title=\"Ma\u017eoretni in twirling klub Kranj\"\n                    alt=\"Ma\u017eoretni in twirling klub Kranj\"\n                    src=\"https:\/\/folklora.si\/wp-content\/gallery\/fos-2014\/thumbs\/thumbs_Ma%C5%BEoretni-in-twirling-klub-Kranj.JPG\"\n                    width=\"100\"\n                    height=\"75\"\n                    style=\"max-width:100%;\"\n                \/>\n            <\/a>\n        <\/div>\n\t\t\t\t\t\t\t<\/div> \n\t\t\t\n        \n\t\t\t\t<div id=\"ngg-image-5\" class=\"ngg-gallery-thumbnail-box\" >\n\t\t\t\t        <div class=\"ngg-gallery-thumbnail\">\n            <a href=\"https:\/\/folklora.si\/wp-content\/gallery\/fos-2014\/Mladinska-folklorna-skupina-ISKRAEMECO.JPG\"\n               title=\"\"\n               data-src=\"https:\/\/folklora.si\/wp-content\/gallery\/fos-2014\/Mladinska-folklorna-skupina-ISKRAEMECO.JPG\"\n               data-thumbnail=\"https:\/\/folklora.si\/wp-content\/gallery\/fos-2014\/thumbs\/thumbs_Mladinska-folklorna-skupina-ISKRAEMECO.JPG\"\n               data-image-id=\"554\"\n               data-title=\"Mladinska folklorna skupina ISKRAEMECO\"\n               data-description=\"\"\n               data-image-slug=\"mladinska-folklorna-skupina-iskraemeco\"\n               class=\"shutterset_1181b8d625f53541274a4a8975aab842\">\n                <img\n                    title=\"Mladinska folklorna skupina ISKRAEMECO\"\n                    alt=\"Mladinska folklorna skupina ISKRAEMECO\"\n                    src=\"https:\/\/folklora.si\/wp-content\/gallery\/fos-2014\/thumbs\/thumbs_Mladinska-folklorna-skupina-ISKRAEMECO.JPG\"\n                    width=\"100\"\n                    height=\"75\"\n                    style=\"max-width:100%;\"\n                \/>\n            <\/a>\n        <\/div>\n\t\t\t\t\t\t\t<\/div> \n\t\t\t\n        \n\t\t\t\t<div id=\"ngg-image-6\" class=\"ngg-gallery-thumbnail-box\" >\n\t\t\t\t        <div class=\"ngg-gallery-thumbnail\">\n            <a href=\"https:\/\/folklora.si\/wp-content\/gallery\/fos-2014\/Otro%C5%A1ka-folklorna-skupina-ERA.JPG\"\n               title=\"\"\n               data-src=\"https:\/\/folklora.si\/wp-content\/gallery\/fos-2014\/Otro%C5%A1ka-folklorna-skupina-ERA.JPG\"\n               data-thumbnail=\"https:\/\/folklora.si\/wp-content\/gallery\/fos-2014\/thumbs\/thumbs_Otro%C5%A1ka-folklorna-skupina-ERA.JPG\"\n               data-image-id=\"558\"\n               data-title=\"Otro\u0161ka folklorna skupina ERA\"\n               data-description=\"\"\n               data-image-slug=\"otro%c5%a1ka-folklorna-skupina-era-1\"\n               class=\"shutterset_1181b8d625f53541274a4a8975aab842\">\n                <img\n                    title=\"Otro\u0161ka folklorna skupina ERA\"\n                    alt=\"Otro\u0161ka folklorna skupina ERA\"\n                    src=\"https:\/\/folklora.si\/wp-content\/gallery\/fos-2014\/thumbs\/thumbs_Otro%C5%A1ka-folklorna-skupina-ERA.JPG\"\n                    width=\"100\"\n                    height=\"75\"\n                    style=\"max-width:100%;\"\n                \/>\n            <\/a>\n        <\/div>\n\t\t\t\t\t\t\t<\/div> \n\t\t\t\n        \n\t\t\t\t<div id=\"ngg-image-7\" class=\"ngg-gallery-thumbnail-box\" >\n\t\t\t\t        <div class=\"ngg-gallery-thumbnail\">\n            <a href=\"https:\/\/folklora.si\/wp-content\/gallery\/fos-2014\/Mlaj%C5%A1a-in-starej%C5%A1a-otro%C5%A1ka-folklorna-skupina-Preddvor.JPG\"\n               title=\"\"\n               data-src=\"https:\/\/folklora.si\/wp-content\/gallery\/fos-2014\/Mlaj%C5%A1a-in-starej%C5%A1a-otro%C5%A1ka-folklorna-skupina-Preddvor.JPG\"\n               data-thumbnail=\"https:\/\/folklora.si\/wp-content\/gallery\/fos-2014\/thumbs\/thumbs_Mlaj%C5%A1a-in-starej%C5%A1a-otro%C5%A1ka-folklorna-skupina-Preddvor.JPG\"\n               data-image-id=\"555\"\n               data-title=\"Mlaj\u0161a in starej\u0161a otro\u0161ka folklorna skupina Preddvor\"\n               data-description=\"\"\n               data-image-slug=\"mlaj%c5%a1a-in-starej%c5%a1a-otro%c5%a1ka-folklorna-skupina-preddvor-1\"\n               class=\"shutterset_1181b8d625f53541274a4a8975aab842\">\n                <img\n                    title=\"Mlaj\u0161a in starej\u0161a otro\u0161ka folklorna skupina Preddvor\"\n                    alt=\"Mlaj\u0161a in starej\u0161a otro\u0161ka folklorna skupina Preddvor\"\n                    src=\"https:\/\/folklora.si\/wp-content\/gallery\/fos-2014\/thumbs\/thumbs_Mlaj%C5%A1a-in-starej%C5%A1a-otro%C5%A1ka-folklorna-skupina-Preddvor.JPG\"\n                    width=\"100\"\n                    height=\"75\"\n                    style=\"max-width:100%;\"\n                \/>\n            <\/a>\n        <\/div>\n\t\t\t\t\t\t\t<\/div> \n\t\t\t\n        \n\t\t\t\t<div id=\"ngg-image-8\" class=\"ngg-gallery-thumbnail-box\" >\n\t\t\t\t        <div class=\"ngg-gallery-thumbnail\">\n            <a href=\"https:\/\/folklora.si\/wp-content\/gallery\/fos-2014\/Mlaj%C5%A1a-otro%C5%A1ka-folklorna-skupina-Iskraemeco.JPG\"\n               title=\"\"\n               data-src=\"https:\/\/folklora.si\/wp-content\/gallery\/fos-2014\/Mlaj%C5%A1a-otro%C5%A1ka-folklorna-skupina-Iskraemeco.JPG\"\n               data-thumbnail=\"https:\/\/folklora.si\/wp-content\/gallery\/fos-2014\/thumbs\/thumbs_Mlaj%C5%A1a-otro%C5%A1ka-folklorna-skupina-Iskraemeco.JPG\"\n               data-image-id=\"556\"\n               data-title=\"Mlaj\u0161a otro\u0161ka folklorna skupina Iskraemeco\"\n               data-description=\"\"\n               data-image-slug=\"mlaj%c5%a1a-otro%c5%a1ka-folklorna-skupina-iskraemeco-1\"\n               class=\"shutterset_1181b8d625f53541274a4a8975aab842\">\n                <img\n                    title=\"Mlaj\u0161a otro\u0161ka folklorna skupina Iskraemeco\"\n                    alt=\"Mlaj\u0161a otro\u0161ka folklorna skupina Iskraemeco\"\n                    src=\"https:\/\/folklora.si\/wp-content\/gallery\/fos-2014\/thumbs\/thumbs_Mlaj%C5%A1a-otro%C5%A1ka-folklorna-skupina-Iskraemeco.JPG\"\n                    width=\"100\"\n                    height=\"75\"\n                    style=\"max-width:100%;\"\n                \/>\n            <\/a>\n        <\/div>\n\t\t\t\t\t\t\t<\/div> \n\t\t\t\n        \n\t\t\t\t<div id=\"ngg-image-9\" class=\"ngg-gallery-thumbnail-box\" >\n\t\t\t\t        <div class=\"ngg-gallery-thumbnail\">\n            <a href=\"https:\/\/folklora.si\/wp-content\/gallery\/fos-2014\/Mlaj%C5%A1a-otro%C5%A1ka-folklorna-skupina-Lancova-vas.JPG\"\n               title=\"\"\n               data-src=\"https:\/\/folklora.si\/wp-content\/gallery\/fos-2014\/Mlaj%C5%A1a-otro%C5%A1ka-folklorna-skupina-Lancova-vas.JPG\"\n               data-thumbnail=\"https:\/\/folklora.si\/wp-content\/gallery\/fos-2014\/thumbs\/thumbs_Mlaj%C5%A1a-otro%C5%A1ka-folklorna-skupina-Lancova-vas.JPG\"\n               data-image-id=\"557\"\n               data-title=\"Mlaj\u0161a otro\u0161ka folklorna skupina Lancova vas\"\n               data-description=\"\"\n               data-image-slug=\"mlaj%c5%a1a-otro%c5%a1ka-folklorna-skupina-lancova-vas-1\"\n               class=\"shutterset_1181b8d625f53541274a4a8975aab842\">\n                <img\n                    title=\"Mlaj\u0161a otro\u0161ka folklorna skupina Lancova vas\"\n                    alt=\"Mlaj\u0161a otro\u0161ka folklorna skupina Lancova vas\"\n                    src=\"https:\/\/folklora.si\/wp-content\/gallery\/fos-2014\/thumbs\/thumbs_Mlaj%C5%A1a-otro%C5%A1ka-folklorna-skupina-Lancova-vas.JPG\"\n                    width=\"100\"\n                    height=\"75\"\n                    style=\"max-width:100%;\"\n                \/>\n            <\/a>\n        <\/div>\n\t\t\t\t\t\t\t<\/div> \n\t\t\t\n        \n\t\t\t\t<div id=\"ngg-image-10\" class=\"ngg-gallery-thumbnail-box\" >\n\t\t\t\t        <div class=\"ngg-gallery-thumbnail\">\n            <a href=\"https:\/\/folklora.si\/wp-content\/gallery\/fos-2014\/Otro%C5%A1ka-folklorna-skupina-KD-Podgorci.JPG\"\n               title=\"\"\n               data-src=\"https:\/\/folklora.si\/wp-content\/gallery\/fos-2014\/Otro%C5%A1ka-folklorna-skupina-KD-Podgorci.JPG\"\n               data-thumbnail=\"https:\/\/folklora.si\/wp-content\/gallery\/fos-2014\/thumbs\/thumbs_Otro%C5%A1ka-folklorna-skupina-KD-Podgorci.JPG\"\n               data-image-id=\"559\"\n               data-title=\"Otro\u0161ka folklorna skupina KD Podgorci\"\n               data-description=\"\"\n               data-image-slug=\"otro%c5%a1ka-folklorna-skupina-kd-podgorci-1\"\n               class=\"shutterset_1181b8d625f53541274a4a8975aab842\">\n                <img\n                    title=\"Otro\u0161ka folklorna skupina KD Podgorci\"\n                    alt=\"Otro\u0161ka folklorna skupina KD Podgorci\"\n                    src=\"https:\/\/folklora.si\/wp-content\/gallery\/fos-2014\/thumbs\/thumbs_Otro%C5%A1ka-folklorna-skupina-KD-Podgorci.JPG\"\n                    width=\"100\"\n                    height=\"75\"\n                    style=\"max-width:100%;\"\n                \/>\n            <\/a>\n        <\/div>\n\t\t\t\t\t\t\t<\/div> \n\t\t\t\n        \n\t\t\n\t\t<!-- Pagination -->\n\t<div class='ngg-clear'><\/div>\t<\/div>\n\n","protected":false},"excerpt":{"rendered":"","protected":false},"author":1,"featured_media":0,"parent":0,"menu_order":0,"comment_status":"closed","ping_status":"closed","template":"","meta":{"om_disable_all_campaigns":false,"_monsterinsights_skip_tracking":false,"_monsterinsights_sitenote_active":false,"_monsterinsights_sitenote_note":"","_monsterinsights_sitenote_category":0,"_uf_show_specific_survey":0,"_uf_disable_surveys":false,"ngg_post_thumbnail":0},"aioseo_notices":[],"yoast_head":"<!-- This site is optimized with the Yoast SEO plugin v18.2 - https:\/\/yoast.com\/wordpress\/plugins\/seo\/ -->\n<title>No Title \u2013 Folklora<\/title>\n<meta name=\"robots\" content=\"index, follow, max-snippet:-1, max-image-preview:large, max-video-preview:-1\" \/>\n<link rel=\"canonical\" href=\"https:\/\/folklora.si\/fos-2014\/\" \/>\n<script type=\"application\/ld+json\" class=\"yoast-schema-graph\">{\"@context\":\"https:\/\/schema.org\",\"@graph\":[{\"@type\":\"WebSite\",\"@id\":\"https:\/\/folklora.si\/#website\",\"url\":\"https:\/\/folklora.si\/\",\"name\":\"Folklora\",\"description\":\"Folklorna skupina ISKRAEMECO\",\"potentialAction\":[{\"@type\":\"SearchAction\",\"target\":{\"@type\":\"EntryPoint\",\"urlTemplate\":\"https:\/\/folklora.si\/?s={search_term_string}\"},\"query-input\":\"required name=search_term_string\"}],\"inLanguage\":\"en-US\"},{\"@type\":\"WebPage\",\"@id\":\"https:\/\/folklora.si\/fos-2014\/#webpage\",\"url\":\"https:\/\/folklora.si\/fos-2014\/\",\"name\":\"FOS 2014 - Folklora\",\"isPartOf\":{\"@id\":\"https:\/\/folklora.si\/#website\"},\"datePublished\":\"2014-09-29T10:20:31+00:00\",\"dateModified\":\"2019-02-23T18:31:28+00:00\",\"breadcrumb\":{\"@id\":\"https:\/\/folklora.si\/fos-2014\/#breadcrumb\"},\"inLanguage\":\"en-US\",\"potentialAction\":[{\"@type\":\"ReadAction\",\"target\":[\"https:\/\/folklora.si\/fos-2014\/\"]}]},{\"@type\":\"BreadcrumbList\",\"@id\":\"https:\/\/folklora.si\/fos-2014\/#breadcrumb\",\"itemListElement\":[{\"@type\":\"ListItem\",\"position\":1,\"name\":\"Home\",\"item\":\"https:\/\/folklora.si\/\"},{\"@type\":\"ListItem\",\"position\":2,\"name\":\"FOS 2014\"}]}]}<\/script>\n<!-- \/ Yoast SEO plugin. -->","yoast_head_json":{"title":"No Title \u2013 Folklora","robots":{"index":"index","follow":"follow","max-snippet":"max-snippet:-1","max-image-preview":"max-image-preview:large","max-video-preview":"max-video-preview:-1"},"canonical":"https:\/\/folklora.si\/fos-2014\/","schema":{"@context":"https:\/\/schema.org","@graph":[{"@type":"WebSite","@id":"https:\/\/folklora.si\/#website","url":"https:\/\/folklora.si\/","name":"Folklora","description":"Folklorna skupina ISKRAEMECO","potentialAction":[{"@type":"SearchAction","target":{"@type":"EntryPoint","urlTemplate":"https:\/\/folklora.si\/?s={search_term_string}"},"query-input":"required name=search_term_string"}],"inLanguage":"en-US"},{"@type":"WebPage","@id":"https:\/\/folklora.si\/fos-2014\/#webpage","url":"https:\/\/folklora.si\/fos-2014\/","name":"FOS 2014 - Folklora","isPartOf":{"@id":"https:\/\/folklora.si\/#website"},"datePublished":"2014-09-29T10:20:31+00:00","dateModified":"2019-02-23T18:31:28+00:00","breadcrumb":{"@id":"https:\/\/folklora.si\/fos-2014\/#breadcrumb"},"inLanguage":"en-US","potentialAction":[{"@type":"ReadAction","target":["https:\/\/folklora.si\/fos-2014\/"]}]},{"@type":"BreadcrumbList","@id":"https:\/\/folklora.si\/fos-2014\/#breadcrumb","itemListElement":[{"@type":"ListItem","position":1,"name":"Home","item":"https:\/\/folklora.si\/"},{"@type":"ListItem","position":2,"name":"FOS 2014"}]}]}},"_links":{"self":[{"href":"https:\/\/folklora.si\/en\/wp-json\/wp\/v2\/pages\/1595"}],"collection":[{"href":"https:\/\/folklora.si\/en\/wp-json\/wp\/v2\/pages"}],"about":[{"href":"https:\/\/folklora.si\/en\/wp-json\/wp\/v2\/types\/page"}],"author":[{"embeddable":true,"href":"https:\/\/folklora.si\/en\/wp-json\/wp\/v2\/users\/1"}],"replies":[{"embeddable":true,"href":"https:\/\/folklora.si\/en\/wp-json\/wp\/v2\/comments?post=1595"}],"version-history":[{"count":1,"href":"https:\/\/folklora.si\/en\/wp-json\/wp\/v2\/pages\/1595\/revisions"}],"predecessor-version":[{"id":3760,"href":"https:\/\/folklora.si\/en\/wp-json\/wp\/v2\/pages\/1595\/revisions\/3760"}],"wp:attachment":[{"href":"https:\/\/folklora.si\/en\/wp-json\/wp\/v2\/media?parent=1595"}],"curies":[{"name":"wp","href":"https:\/\/api.w.org\/{rel}","templated":true}]}}