{"id":443,"date":"2011-12-28T21:24:57","date_gmt":"2011-12-28T20:24:57","guid":{"rendered":"http:\/\/www.folklora.si\/?page_id=443"},"modified":"2021-02-02T10:50:45","modified_gmt":"2021-02-02T09:50:45","slug":"videospoti","status":"publish","type":"page","link":"https:\/\/folklora.si\/en\/videospoti\/","title":{"rendered":"Video Gallery"},"content":{"rendered":"<p><\/p>\n<p style=\"text-align: left;\">We cooperate with a lot of slovenian music groups. You can watch some of them here.<\/p>\n<p style=\"text-align: center;\">Demonstration spot of Folclore group Iskraemeco<\/p>\n<p style=\"text-align: center;\">\n<div class=\"videoWrapper\"><iframe loading=\"lazy\" src=\"http:\/\/www.youtube.com\/embed\/yjb1bJGCJV8\" width=\"420\" height=\"315\" frameborder=\"0\" allowfullscreen=\"allowfullscreen\"><\/iframe><\/div>\n<\/p>\n<p style=\"text-align: center;\">Folclore group Iskraemeco in Slovenian greeting show on national television<\/p>\n<p style=\"text-align: center;\">\n<div class=\"videoWrapper\"><iframe loading=\"lazy\" src=\"https:\/\/www.youtube.com\/embed\/EZ9VkIWcAPw\" width=\"560\" height=\"315\" frameborder=\"0\" allowfullscreen=\"allowfullscreen\"><\/iframe><\/div>\n<\/p>\n<p style=\"text-align: center;\">Folclore group Iskraemeco in Slovenian greeting show on national television<\/p>\n<p style=\"text-align: center;\">\n<div class=\"videoWrapper\"><iframe loading=\"lazy\" width=\"560\" height=\"315\" src=\"https:\/\/www.youtube.com\/embed\/dKb0oN7QodA\" frameborder=\"0\" allowfullscreen><\/iframe><\/div>\n<\/p>\n<p style=\"text-align: center;\">Atomik Harmonik in Bo\u0161tjan Kone\u010dnik with FS Iskraemeco dancers &#8211; Veselica<\/p>\n<p style=\"text-align: center;\">\n<div class=\"videoWrapper\"><iframe loading=\"lazy\" src=\"https:\/\/www.youtube.com\/embed\/GLIhJ3ragSY\" width=\"560\" height=\"315\" frameborder=\"0\" allowfullscreen=\"allowfullscreen\"><\/iframe><\/div>\n<\/p>\n<p style=\"text-align: center;\">Ansambel Sa\u0161a Avsenika with Folclore group Iskraemeco in deutsche version &#8211; Steifeltanz.<\/p>\n<p style=\"text-align: center;\">\n<div class=\"videoWrapper\"><iframe loading=\"lazy\" src=\"https:\/\/www.youtube.com\/embed\/2a3KVmRdols\" width=\"560\" height=\"315\" frameborder=\"0\" allowfullscreen=\"allowfullscreen\"><\/iframe><\/div>\n<\/p>\n<p style=\"text-align: center;\">\u010cuki with Folclore group Iskraemeco dancers &#8211; Zdaj pa kozarce vsi v zrak &#8211; napitnica Sloveniji<\/p>\n<p style=\"text-align: center;\">\n<div class=\"videoWrapper\"><iframe loading=\"lazy\" src=\"https:\/\/www.youtube.com\/embed\/ruTi1Mbjt7Y\" width=\"560\" height=\"315\" frameborder=\"0\" allowfullscreen=\"allowfullscreen\"><\/iframe><\/div>\n<\/p>\n<p style=\"text-align: center;\">Ansambel Sa\u0161a Avsenika and FS Iskraemeco dancers &#8211; Prav fletno se imamo<\/p>\n<p style=\"text-align: center;\">\n<div class=\"videoWrapper\"><iframe loading=\"lazy\" src=\"http:\/\/www.youtube.com\/embed\/ZcrAjzN4aAI\" width=\"560\" height=\"315\" frameborder=\"0\" allowfullscreen=\"allowfullscreen\"><\/iframe><\/div>\n<\/p>\n<p style=\"text-align: center;\">Ansambel Galop and Folclore group Iskraemeco Na odru za\u017eivim<\/p>\n<p style=\"text-align: center;\">\n<div class=\"videoWrapper\"><iframe loading=\"lazy\" width=\"560\" height=\"315\" src=\"https:\/\/www.youtube.com\/embed\/sTkWh1baVNk\" frameborder=\"0\" allowfullscreen><\/iframe><\/div>\n<\/p>\n<p style=\"text-align: center;\">Veseli Svatje and FS Iskraemeco &#8211; Lunca, zakaj se svet mi gunca<\/p>\n<p style=\"text-align: center;\">\n<div class=\"videoWrapper\"><iframe loading=\"lazy\" src=\"http:\/\/www.youtube.com\/embed\/t0gx-86Hc4U\" width=\"420\" height=\"315\" frameborder=\"0\"><\/iframe><\/div>\n<\/p>\n<p style=\"text-align: center;\">Veseli Svatje and FS Iskraemeco &#8211; Svet je \u017ee od pamtiveka tak<\/p>\n<p style=\"text-align: center;\">\n<div class=\"videoWrapper\"><iframe loading=\"lazy\" src=\"http:\/\/www.youtube.com\/embed\/Ir-lKcg9cj4\" width=\"560\" height=\"315\" frameborder=\"0\"><\/iframe><\/div>\n<\/p>\n<p style=\"text-align: center;\">Veseli Svatje and tambourine group FS Iskraemeco<\/p>\n<p style=\"text-align: center;\">\n<div class=\"videoWrapper\"><iframe loading=\"lazy\" src=\"http:\/\/www.youtube.com\/embed\/UPeVpDhQBZs\" width=\"420\" height=\"315\" frameborder=\"0\"><\/iframe><\/div>\n<\/p>\n<p style=\"text-align: center;\">Atomik Harmonik &#8211; Kdo trka? and FS Iskraemeco<\/p>\n<p style=\"text-align: center;\">\n<div class=\"videoWrapper\"><iframe loading=\"lazy\" src=\"http:\/\/www.youtube.com\/embed\/T8R8sBwKxWU\" width=\"420\" height=\"315\" frameborder=\"0\"><\/iframe><\/div>\n<\/p>\n<p style=\"text-align: center;\">Atomik Harmonik &#8211; Goveja \u017dupca<\/p>\n<div class=\"videoWrapper\"><iframe loading=\"lazy\" src=\"http:\/\/www.youtube.com\/embed\/qBfp6dOIdEA\" width=\"420\" height=\"315\" frameborder=\"0\" allowfullscreen=\"allowfullscreen\"><\/iframe><\/div>\n<\/p>\n<p style=\"text-align: center;\">\u010cuki and FS Iskraemeco &#8211; S kitaro po stari Ljubljani<\/p>\n<p style=\"text-align: center;\">\n<div class=\"videoWrapper\"><iframe loading=\"lazy\" src=\"https:\/\/www.youtube.com\/embed\/RB_QXN2dhjA\" width=\"420\" height=\"315\" frameborder=\"0\" allowfullscreen=\"allowfullscreen\"><\/iframe><\/div>\n<\/p>\n<p style=\"text-align: center;\">\u010cuki and FS Iskraemeco &#8211; Ena po doma\u010de<\/p>\n<p style=\"text-align: center;\">\n<div class=\"videoWrapper\"><iframe loading=\"lazy\" src=\"https:\/\/www.youtube.com\/embed\/creS9Jc-QJk\" width=\"420\" height=\"315\" frameborder=\"0\" allowfullscreen=\"allowfullscreen\"><\/iframe><\/div>\n<\/p>\n<p style=\"text-align: center;\">\u010cuki and FS Iskraemeco &#8211; \u0160mentano dekle<\/p>\n<p><center><\/p>\n<div class=\"videoWrapper\"><iframe loading=\"lazy\" src=\"http:\/\/www.youtube.com\/embed\/lW4BgxFIKkM\" width=\"420\" height=\"315\" frameborder=\"0\"><\/iframe><\/div>\n<p><\/center>&nbsp;<\/p>\n<p>We&#8217;re looking forward to any new collaborations!<\/p>\n<p>&nbsp;<\/p>\n<p><a href=\"http:\/\/www.folklora.si\/predstavitveni-videospot-folklorne-skupine-iskraemeco\/430370_348429268535866_1799064630_n1\/\" rel=\"attachment wp-att-1089\"><img loading=\"lazy\" class=\"aligncenter wp-image-1089\" src=\"http:\/\/www.folklora.si\/wp-content\/uploads\/2013\/04\/430370_348429268535866_1799064630_n1.jpg\" alt=\"Folklorna skupina ISKRAEMECO logotip\" width=\"281\" height=\"281\" srcset=\"https:\/\/folklora.si\/wp-content\/uploads\/2013\/04\/430370_348429268535866_1799064630_n1.jpg 180w, https:\/\/folklora.si\/wp-content\/uploads\/2013\/04\/430370_348429268535866_1799064630_n1-150x150.jpg 150w\" sizes=\"(max-width: 281px) 100vw, 281px\" \/><\/a><\/p>","protected":false},"excerpt":{"rendered":"<p>We cooperate with a lot of slovenian music groups. You can watch some of them here. Demonstration spot of Folclore group Iskraemeco Folclore group Iskraemeco in Slovenian greeting show on national television Folclore group Iskraemeco in Slovenian greeting show on national television Atomik Harmonik in Bo\u0161tjan Kone\u010dnik with FS Iskraemeco dancers &#8211; Veselica Ansambel Sa\u0161a [&hellip;]<\/p>\n","protected":false},"author":1,"featured_media":1089,"parent":0,"menu_order":0,"comment_status":"closed","ping_status":"open","template":"","meta":{"om_disable_all_campaigns":false,"_monsterinsights_skip_tracking":false,"_monsterinsights_sitenote_active":false,"_monsterinsights_sitenote_note":"","_monsterinsights_sitenote_category":0,"_uf_show_specific_survey":0,"_uf_disable_surveys":false,"ngg_post_thumbnail":0},"aioseo_notices":[],"yoast_head":"<!-- This site is optimized with the Yoast SEO plugin v18.2 - https:\/\/yoast.com\/wordpress\/plugins\/seo\/ -->\n<title>No Title \u2013 Folklora<\/title>\n<meta name=\"robots\" content=\"index, follow, max-snippet:-1, max-image-preview:large, max-video-preview:-1\" \/>\n<link rel=\"canonical\" href=\"https:\/\/folklora.si\/en\/videospoti\/\" \/>\n<meta name=\"twitter:label1\" content=\"Est. reading time\" \/>\n\t<meta name=\"twitter:data1\" content=\"2 minutes\" \/>\n<script type=\"application\/ld+json\" class=\"yoast-schema-graph\">{\"@context\":\"https:\/\/schema.org\",\"@graph\":[{\"@type\":\"WebSite\",\"@id\":\"https:\/\/folklora.si\/#website\",\"url\":\"https:\/\/folklora.si\/\",\"name\":\"Folklora\",\"description\":\"Folklorna skupina ISKRAEMECO\",\"potentialAction\":[{\"@type\":\"SearchAction\",\"target\":{\"@type\":\"EntryPoint\",\"urlTemplate\":\"https:\/\/folklora.si\/?s={search_term_string}\"},\"query-input\":\"required name=search_term_string\"}],\"inLanguage\":\"en-US\"},{\"@type\":\"ImageObject\",\"@id\":\"https:\/\/folklora.si\/en\/videospoti\/#primaryimage\",\"inLanguage\":\"en-US\",\"url\":\"https:\/\/folklora.si\/wp-content\/uploads\/2013\/04\/430370_348429268535866_1799064630_n1.jpg\",\"contentUrl\":\"https:\/\/folklora.si\/wp-content\/uploads\/2013\/04\/430370_348429268535866_1799064630_n1.jpg\",\"width\":180,\"height\":180},{\"@type\":\"WebPage\",\"@id\":\"https:\/\/folklora.si\/en\/videospoti\/#webpage\",\"url\":\"https:\/\/folklora.si\/en\/videospoti\/\",\"name\":\"Video Gallery - Folklora\",\"isPartOf\":{\"@id\":\"https:\/\/folklora.si\/#website\"},\"primaryImageOfPage\":{\"@id\":\"https:\/\/folklora.si\/en\/videospoti\/#primaryimage\"},\"datePublished\":\"2011-12-28T20:24:57+00:00\",\"dateModified\":\"2021-02-02T09:50:45+00:00\",\"breadcrumb\":{\"@id\":\"https:\/\/folklora.si\/en\/videospoti\/#breadcrumb\"},\"inLanguage\":\"en-US\",\"potentialAction\":[{\"@type\":\"ReadAction\",\"target\":[\"https:\/\/folklora.si\/en\/videospoti\/\"]}]},{\"@type\":\"BreadcrumbList\",\"@id\":\"https:\/\/folklora.si\/en\/videospoti\/#breadcrumb\",\"itemListElement\":[{\"@type\":\"ListItem\",\"position\":1,\"name\":\"Home\",\"item\":\"https:\/\/folklora.si\/\"},{\"@type\":\"ListItem\",\"position\":2,\"name\":\"Video Gallery\"}]}]}<\/script>\n<!-- \/ Yoast SEO plugin. -->","yoast_head_json":{"title":"No Title \u2013 Folklora","robots":{"index":"index","follow":"follow","max-snippet":"max-snippet:-1","max-image-preview":"max-image-preview:large","max-video-preview":"max-video-preview:-1"},"canonical":"https:\/\/folklora.si\/en\/videospoti\/","twitter_misc":{"Est. reading time":"2 minutes"},"schema":{"@context":"https:\/\/schema.org","@graph":[{"@type":"WebSite","@id":"https:\/\/folklora.si\/#website","url":"https:\/\/folklora.si\/","name":"Folklora","description":"Folklorna skupina ISKRAEMECO","potentialAction":[{"@type":"SearchAction","target":{"@type":"EntryPoint","urlTemplate":"https:\/\/folklora.si\/?s={search_term_string}"},"query-input":"required name=search_term_string"}],"inLanguage":"en-US"},{"@type":"ImageObject","@id":"https:\/\/folklora.si\/en\/videospoti\/#primaryimage","inLanguage":"en-US","url":"https:\/\/folklora.si\/wp-content\/uploads\/2013\/04\/430370_348429268535866_1799064630_n1.jpg","contentUrl":"https:\/\/folklora.si\/wp-content\/uploads\/2013\/04\/430370_348429268535866_1799064630_n1.jpg","width":180,"height":180},{"@type":"WebPage","@id":"https:\/\/folklora.si\/en\/videospoti\/#webpage","url":"https:\/\/folklora.si\/en\/videospoti\/","name":"Video Gallery - Folklora","isPartOf":{"@id":"https:\/\/folklora.si\/#website"},"primaryImageOfPage":{"@id":"https:\/\/folklora.si\/en\/videospoti\/#primaryimage"},"datePublished":"2011-12-28T20:24:57+00:00","dateModified":"2021-02-02T09:50:45+00:00","breadcrumb":{"@id":"https:\/\/folklora.si\/en\/videospoti\/#breadcrumb"},"inLanguage":"en-US","potentialAction":[{"@type":"ReadAction","target":["https:\/\/folklora.si\/en\/videospoti\/"]}]},{"@type":"BreadcrumbList","@id":"https:\/\/folklora.si\/en\/videospoti\/#breadcrumb","itemListElement":[{"@type":"ListItem","position":1,"name":"Home","item":"https:\/\/folklora.si\/"},{"@type":"ListItem","position":2,"name":"Video Gallery"}]}]}},"_links":{"self":[{"href":"https:\/\/folklora.si\/en\/wp-json\/wp\/v2\/pages\/443"}],"collection":[{"href":"https:\/\/folklora.si\/en\/wp-json\/wp\/v2\/pages"}],"about":[{"href":"https:\/\/folklora.si\/en\/wp-json\/wp\/v2\/types\/page"}],"author":[{"embeddable":true,"href":"https:\/\/folklora.si\/en\/wp-json\/wp\/v2\/users\/1"}],"replies":[{"embeddable":true,"href":"https:\/\/folklora.si\/en\/wp-json\/wp\/v2\/comments?post=443"}],"version-history":[{"count":34,"href":"https:\/\/folklora.si\/en\/wp-json\/wp\/v2\/pages\/443\/revisions"}],"predecessor-version":[{"id":3976,"href":"https:\/\/folklora.si\/en\/wp-json\/wp\/v2\/pages\/443\/revisions\/3976"}],"wp:featuredmedia":[{"embeddable":true,"href":"https:\/\/folklora.si\/en\/wp-json\/wp\/v2\/media\/1089"}],"wp:attachment":[{"href":"https:\/\/folklora.si\/en\/wp-json\/wp\/v2\/media?parent=443"}],"curies":[{"name":"wp","href":"https:\/\/api.w.org\/{rel}","templated":true}]}}